{"id":219,"date":"2015-09-23T11:25:01","date_gmt":"2015-09-23T09:25:01","guid":{"rendered":"http:\/\/twiline.de\/MZ\/?page_id=219"},"modified":"2015-11-27T15:17:39","modified_gmt":"2015-11-27T14:17:39","slug":"prezzi","status":"publish","type":"page","link":"https:\/\/marionzankl.de\/it\/prezzi\/","title":{"rendered":"Prezzi"},"content":{"rendered":"&nbsp;\r\nTraduzioni\r\n\r\n&nbsp;\r\nIl prezzo della vostra traduzione dipende da vari fattori come p. e. complessit\u00e0\/grado di tecnicit\u00e0 del testo, leggibilit\u00e0 del documento e urgenza della consegna.\r\n\r\nPertanto \u00e8 impossibile indicare un prezzo per la traduzione di un testo senza averne preso visione.\r\n\r\nTrasmettetemi il testo da tradurre via e-mail o via fax. Contatto\u00a0&gt;&gt;\u00a0\r\n\r\nNaturalmente i vostri documenti saranno trattati con assoluta discrezione e riceverete, in tempi brevissimi, il mio preventivo <a href=\"https:\/\/marionzankl.de\/it\/prezzi\/\" class=\"more-link\">...<\/a>","protected":false},"excerpt":{"rendered":"<p>&nbsp; Traduzioni &nbsp; Il prezzo della vostra traduzione dipende da vari fattori come p. e. complessit\u00e0\/grado di tecnicit\u00e0 del testo, leggibilit\u00e0 del documento e urgenza della consegna. Pertanto \u00e8 impossibile indicare un prezzo per la traduzione di un testo senza averne preso visione. Trasmettetemi il testo da tradurre via e-mail o via fax. Contatto\u00a0&gt;&gt;\u00a0 Naturalmente i vostri documenti saranno trattati con assoluta discrezione e riceverete, in tempi brevissimi, il mio preventivo &#8230;<\/p>\n","protected":false},"author":1,"featured_media":0,"parent":0,"menu_order":0,"comment_status":"closed","ping_status":"closed","template":"","meta":{"footnotes":""},"categories":[],"tags":[],"class_list":["post-219","page","type-page","status-publish","hentry"],"aioseo_notices":[],"_links":{"self":[{"href":"https:\/\/marionzankl.de\/it\/wp-json\/wp\/v2\/pages\/219","targetHints":{"allow":["GET"]}}],"collection":[{"href":"https:\/\/marionzankl.de\/it\/wp-json\/wp\/v2\/pages"}],"about":[{"href":"https:\/\/marionzankl.de\/it\/wp-json\/wp\/v2\/types\/page"}],"author":[{"embeddable":true,"href":"https:\/\/marionzankl.de\/it\/wp-json\/wp\/v2\/users\/1"}],"replies":[{"embeddable":true,"href":"https:\/\/marionzankl.de\/it\/wp-json\/wp\/v2\/comments?post=219"}],"version-history":[{"count":10,"href":"https:\/\/marionzankl.de\/it\/wp-json\/wp\/v2\/pages\/219\/revisions"}],"predecessor-version":[{"id":583,"href":"https:\/\/marionzankl.de\/it\/wp-json\/wp\/v2\/pages\/219\/revisions\/583"}],"wp:attachment":[{"href":"https:\/\/marionzankl.de\/it\/wp-json\/wp\/v2\/media?parent=219"}],"wp:term":[{"taxonomy":"category","embeddable":true,"href":"https:\/\/marionzankl.de\/it\/wp-json\/wp\/v2\/categories?post=219"},{"taxonomy":"post_tag","embeddable":true,"href":"https:\/\/marionzankl.de\/it\/wp-json\/wp\/v2\/tags?post=219"}],"curies":[{"name":"wp","href":"https:\/\/api.w.org\/{rel}","templated":true}]}}