{"id":243,"date":"2015-09-23T13:43:56","date_gmt":"2015-09-23T11:43:56","guid":{"rendered":"http:\/\/twiline.de\/MZ\/?page_id=243"},"modified":"2017-03-30T15:53:26","modified_gmt":"2017-03-30T13:53:26","slug":"home-fr","status":"publish","type":"page","link":"https:\/\/marionzankl.de\/fr\/","title":{"rendered":"Accueil"},"content":{"rendered":"Exp\u00e9rience e comp\u00e9tence \u00e0 votre service.\r\nEn ma qualit\u00e9 de traductrice agr\u00e9e et asserment\u00e9e, je propose mes services de traduction sp\u00e9cialis\u00e9e.\r\n\r\nLangues de travail :\r\n\r\n\r\n\tallemand\r\n\titalien\r\n\tfran\u00e7ais\r\n\r\n\r\n&nbsp;\r\n\r\nQualit\u00e9 et exp\u00e9rience \u00e0 votre service :\r\n\r\n\r\n\ttraductions asserment\u00e9es\/certifi\u00e9es de haute qualit\u00e9\r\n\trespect absolu de la confidentialit\u00e9 des documents trait\u00e9s\r\n\tconnaissances sp\u00e9cialis\u00e9es et exp\u00e9rience professionnelle\r\n\trespect absolu des d\u00e9lais\r\n\r\n\r\n&nbsp;\r\n\r\nDomaines <a href=\"https:\/\/marionzankl.de\/fr\/\" class=\"more-link\">...<\/a>","protected":false},"excerpt":{"rendered":"<p>Exp\u00e9rience e comp\u00e9tence \u00e0 votre service. En ma qualit\u00e9 de traductrice agr\u00e9e et asserment\u00e9e, je propose mes services de traduction sp\u00e9cialis\u00e9e. Langues de travail : allemand italien fran\u00e7ais &nbsp; Qualit\u00e9 et exp\u00e9rience \u00e0 votre service : traductions asserment\u00e9es\/certifi\u00e9es de haute qualit\u00e9 respect absolu de la confidentialit\u00e9 des documents trait\u00e9s connaissances sp\u00e9cialis\u00e9es et exp\u00e9rience professionnelle respect absolu des d\u00e9lais &nbsp; Domaines &#8230;<\/p>\n","protected":false},"author":1,"featured_media":0,"parent":0,"menu_order":0,"comment_status":"closed","ping_status":"closed","template":"","meta":{"footnotes":""},"categories":[],"tags":[49,52,51,53,54,50],"class_list":["post-243","page","type-page","status-publish","hentry","tag-traduction-specialisee-allemand-italien-francais","tag-traductions-economie-et-finance","tag-traductions-juridiques","tag-traductions-odontologie-et-orthodontie","tag-traductrice-agree-et-assermentee","tag--traductions-assermenteescertifiees"],"aioseo_notices":[],"_links":{"self":[{"href":"https:\/\/marionzankl.de\/fr\/wp-json\/wp\/v2\/pages\/243","targetHints":{"allow":["GET"]}}],"collection":[{"href":"https:\/\/marionzankl.de\/fr\/wp-json\/wp\/v2\/pages"}],"about":[{"href":"https:\/\/marionzankl.de\/fr\/wp-json\/wp\/v2\/types\/page"}],"author":[{"embeddable":true,"href":"https:\/\/marionzankl.de\/fr\/wp-json\/wp\/v2\/users\/1"}],"replies":[{"embeddable":true,"href":"https:\/\/marionzankl.de\/fr\/wp-json\/wp\/v2\/comments?post=243"}],"version-history":[{"count":17,"href":"https:\/\/marionzankl.de\/fr\/wp-json\/wp\/v2\/pages\/243\/revisions"}],"predecessor-version":[{"id":675,"href":"https:\/\/marionzankl.de\/fr\/wp-json\/wp\/v2\/pages\/243\/revisions\/675"}],"wp:attachment":[{"href":"https:\/\/marionzankl.de\/fr\/wp-json\/wp\/v2\/media?parent=243"}],"wp:term":[{"taxonomy":"category","embeddable":true,"href":"https:\/\/marionzankl.de\/fr\/wp-json\/wp\/v2\/categories?post=243"},{"taxonomy":"post_tag","embeddable":true,"href":"https:\/\/marionzankl.de\/fr\/wp-json\/wp\/v2\/tags?post=243"}],"curies":[{"name":"wp","href":"https:\/\/api.w.org\/{rel}","templated":true}]}}